{"id":1500,"date":"2021-12-17T15:37:46","date_gmt":"2021-12-17T14:37:46","guid":{"rendered":"https:\/\/frostx.pl\/produkt\/frostx-40-lifolizatorius\/"},"modified":"2024-02-07T10:16:27","modified_gmt":"2024-02-07T09:16:27","slug":"lifolizatorius-frostx-40","status":"publish","type":"product","link":"https:\/\/aftgtspvcl.cfolks.pl\/lt\/produktas\/lifolizatorius-frostx-40\/","title":{"rendered":"Lifolizatorius FrostX 40"},"content":{"rendered":"","protected":false},"excerpt":{"rendered":"<p>FrostX 40 yra universalus liofilizatorius su rekomenduojama maksimalia apkrova iki 40 kg. Jis da\u017enai naudojamas auk\u0161tos kokyb\u0117s liofilizat\u0173 gamintoj\u0173, kurie tiekia produktus tiek savo poreikiams, tiek ma\u017emeniniams klientams.<\/p>\n<h3>Pagrindin\u0117s savyb\u0117s:<\/h3>\n<ul>\n<li>Maksimali apkrova iki 40 kg: Optimali talpa leid\u017eia lankstumui prisitaikyti prie \u012fvairi\u0173 gamybos poreiki\u0173.<\/li>\n<li>Elektros maitinimas: Standartinis 400 V.<\/li>\n<li>Proceso automatizavimas: D\u0117ka visi\u0161ko liofilizacijos proceso automatizavimo, darbuotoj\u0173 \u012fsitraukimas buvo \u017eenkliai suma\u017eintas, tuo pa\u010diu didinant operatyvin\u012f veiksmingum\u0105.<\/li>\n<li>Lie\u010diamas ekranas: Intuityvus lie\u010diamas ekranas leid\u017eia lengvai valdyti, steb\u0117ti parametrus ir naudoti greito at\u0161ildymo funkcij\u0105 didesnei efektyvumui.<\/li>\n<li>Vakuumo sistema su aliejinio d\u016bm\u0173 atskyrimu: Auk\u0161tos kokyb\u0117s med\u017eiag\u0173 naudojimas u\u017etikrina didel\u0119 siurbimo grei\u010dio ir ma\u017eo triuk\u0161mo lygio pasiekim\u0105.<\/li>\n<li>Efektyvus \u0161aldymo sistema: Specialiai pritaikyta nuolatiniam naudojimui, u\u017etikrina optimalias \u0161aldymo s\u0105lygas liofilizacijos procese.<\/li>\n<li>Greito at\u0161ildymo funkcija: Speciali funkcija greitam at\u0161ildymui, reik\u0161mingai ma\u017einant laik\u0105, per kur\u012f sistema yra neaktyvi ir skubant gr\u0105\u017einti investicij\u0105.<\/li>\n<li>Sta\u010diakamp\u0117 vakuumo kamera: Stipri ner\u016bdijan\u010dio plieno konstrukcija maksimalizuoja turim\u0105 viet\u0105 liofilizacijos procesui ir u\u017etikrina higieni\u0161k\u0105 aplink\u0105.<\/li>\n<li>Izoliuota produkto kamera: Vidin\u0117 kamera pagaminta i\u0161 ner\u016bdijan\u010dio plieno komponent\u0173, u\u017etikrinanti higieni\u0161kas s\u0105lygas.<\/li>\n<li>Konstrukcija: Stiprus korpusas su matmenimis 156 \u00d7 110 \u00d7 148 cm ant rat\u0173, lengvam \u012frenginio jud\u0117jimui. Fiksuotas atstumas tarp lentyn\u0173 4,5 cm u\u017etikrina vienodas s\u0105lygas visuose lygiuose ir \u012frenginio lygiavard\u017ei\u0105 veikim\u0105.<\/li>\n<li>Papildoma \u012franga: \u012eeina keturiolika produkt\u0173 lentyn\u0173, matmenimis 53 \u00d7 55 cm.<\/li>\n<\/ul>\n<h3>Garantija:<\/h3>\n<ul>\n<li>12 m\u0117nesi\u0173 garantija: Suteikia saugum\u0105 ir apsaug\u0105 investicijai.<\/li>\n<\/ul>\n<h3>Mok\u0117jimo s\u0105lygos:<\/h3>\n<ul>\n<li>Kaina: Nurodyta kaina yra neto kaina.<\/li>\n<li>Avansas: 50%.<\/li>\n<li>Likutin\u0117 suma: Po prane\u0161imo apie u\u017esakymo pasiruo\u0161im\u0105 (prie\u0161 pristatym\u0105).<\/li>\n<\/ul>\n<p>FrostX 40 n\u0117ra tik liofilizatorius; tai yra visapusi\u0161kas \u012frankis, teikiantis patikimum\u0105, lankstum\u0105 ir efektyvum\u0105 liofilizat\u0173 produkcijoje. Automatizuoti procesai ir be prie\u017ei\u016bros naudojimas pa\u0161alina poreik\u012f darbuotoj\u0173 dalyvavimui, tod\u0117l tai ekonomin\u0117, efektyvi ir lengvai valdoma sprendimas. Greito at\u0161ildymo funkcija taip pat sutrumpina sustojimo laik\u0105, prisidedant prie greitesnio investicijos atsipirkimo.<\/p>\n","protected":false},"featured_media":1368,"template":"","meta":{"_acf_changed":false},"product_brand":[],"product_cat":[142],"product_tag":[],"class_list":{"0":"post-1500","1":"product","2":"type-product","3":"status-publish","4":"has-post-thumbnail","6":"product_cat-kompaktiskas-l-serijos-liofilizatorius","8":"first","9":"instock","10":"shipping-taxable","11":"product-type-external"},"acf":[],"yoast_head":"<!-- This site is optimized with the Yoast SEO plugin v27.6 - https:\/\/yoast.com\/product\/yoast-seo-wordpress\/ -->\n<title>Lifolizatorius FrostX 40  - FrostX<\/title>\n<meta name=\"robots\" content=\"index, follow, max-snippet:-1, max-image-preview:large, max-video-preview:-1\" \/>\n<link rel=\"canonical\" href=\"https:\/\/frostx.com\/lt\/produktas\/lifolizatorius-frostx-40\/\" \/>\n<meta property=\"og:locale\" content=\"lt_LT\" \/>\n<meta property=\"og:type\" content=\"article\" \/>\n<meta property=\"og:title\" content=\"Lifolizatorius FrostX 40  - FrostX\" \/>\n<meta property=\"og:description\" content=\"FrostX 40 yra universalus liofilizatorius su rekomenduojama maksimalia apkrova iki 40 kg. Jis da\u017enai naudojamas auk\u0161tos kokyb\u0117s liofilizat\u0173 gamintoj\u0173, kurie tiekia produktus tiek savo poreikiams, tiek ma\u017emeniniams klientams. Pagrindin\u0117s savyb\u0117s:   Maksimali apkrova iki 40 kg: Optimali talpa leid\u017eia lankstumui prisitaikyti prie \u012fvairi\u0173 gamybos poreiki\u0173.  Elektros maitinimas: Standartinis 400 V.  Proceso automatizavimas: D\u0117ka visi\u0161ko liofilizacijos proceso automatizavimo, darbuotoj\u0173 \u012fsitraukimas buvo \u017eenkliai suma\u017eintas, tuo pa\u010diu didinant operatyvin\u012f veiksmingum\u0105.  Lie\u010diamas ekranas: Intuityvus lie\u010diamas ekranas leid\u017eia lengvai valdyti, steb\u0117ti parametrus ir naudoti greito at\u0161ildymo funkcij\u0105 didesnei efektyvumui.  Vakuumo sistema su aliejinio d\u016bm\u0173 atskyrimu: Auk\u0161tos kokyb\u0117s med\u017eiag\u0173 naudojimas u\u017etikrina didel\u0119 siurbimo grei\u010dio ir ma\u017eo triuk\u0161mo lygio pasiekim\u0105.  Efektyvus \u0161aldymo sistema: Specialiai pritaikyta nuolatiniam naudojimui, u\u017etikrina optimalias \u0161aldymo s\u0105lygas liofilizacijos procese.  Greito at\u0161ildymo funkcija: Speciali funkcija greitam at\u0161ildymui, reik\u0161mingai ma\u017einant laik\u0105, per kur\u012f sistema yra neaktyvi ir skubant gr\u0105\u017einti investicij\u0105.  Sta\u010diakamp\u0117 vakuumo kamera: Stipri ner\u016bdijan\u010dio plieno konstrukcija maksimalizuoja turim\u0105 viet\u0105 liofilizacijos procesui ir u\u017etikrina higieni\u0161k\u0105 aplink\u0105.  Izoliuota produkto kamera: Vidin\u0117 kamera pagaminta i\u0161 ner\u016bdijan\u010dio plieno komponent\u0173, u\u017etikrinanti higieni\u0161kas s\u0105lygas.  Konstrukcija: Stiprus korpusas su matmenimis 156 \u00d7 110 \u00d7 148 cm ant rat\u0173, lengvam \u012frenginio jud\u0117jimui. Fiksuotas atstumas tarp lentyn\u0173 4,5 cm u\u017etikrina vienodas s\u0105lygas visuose lygiuose ir \u012frenginio lygiavard\u017ei\u0105 veikim\u0105.  Papildoma \u012franga: \u012eeina keturiolika produkt\u0173 lentyn\u0173, matmenimis 53 \u00d7 55 cm.  Garantija:   12 m\u0117nesi\u0173 garantija: Suteikia saugum\u0105 ir apsaug\u0105 investicijai.  Mok\u0117jimo s\u0105lygos:   Kaina: Nurodyta kaina yra neto kaina.  Avansas: 50%.  Likutin\u0117 suma: Po prane\u0161imo apie u\u017esakymo pasiruo\u0161im\u0105 (prie\u0161 pristatym\u0105).  FrostX 40 n\u0117ra tik liofilizatorius; tai yra visapusi\u0161kas \u012frankis, teikiantis patikimum\u0105, lankstum\u0105 ir efektyvum\u0105 liofilizat\u0173 produkcijoje. Automatizuoti procesai ir be prie\u017ei\u016bros naudojimas pa\u0161alina poreik\u012f darbuotoj\u0173 dalyvavimui, tod\u0117l tai ekonomin\u0117, efektyvi ir lengvai valdoma sprendimas. Greito at\u0161ildymo funkcija taip pat sutrumpina sustojimo laik\u0105, prisidedant prie greitesnio investicijos atsipirkimo.\" \/>\n<meta property=\"og:url\" content=\"https:\/\/frostx.com\/lt\/produktas\/lifolizatorius-frostx-40\/\" \/>\n<meta property=\"og:site_name\" content=\"FrostX\" \/>\n<meta property=\"article:modified_time\" content=\"2024-02-07T09:16:27+00:00\" \/>\n<meta property=\"og:image\" content=\"https:\/\/aftgtspvcl.cfolks.pl\/wp-content\/uploads\/2021\/12\/DC1_2349-1.jpg\" \/>\n\t<meta property=\"og:image:width\" content=\"2449\" \/>\n\t<meta property=\"og:image:height\" content=\"2449\" \/>\n\t<meta property=\"og:image:type\" content=\"image\/jpeg\" \/>\n<meta name=\"twitter:card\" content=\"summary_large_image\" \/>\n<meta name=\"twitter:label1\" content=\"Est. reading time\" \/>\n\t<meta name=\"twitter:data1\" content=\"1 minute\" \/>\n<script type=\"application\/ld+json\" class=\"yoast-schema-graph\">{\"@context\":\"https:\\\/\\\/schema.org\",\"@graph\":[{\"@type\":\"WebPage\",\"@id\":\"https:\\\/\\\/aftgtspvcl.cfolks.pl\\\/lt\\\/produktas\\\/lifolizatorius-frostx-40\\\/\",\"url\":\"https:\\\/\\\/frostx.com\\\/lt\\\/produktas\\\/lifolizatorius-frostx-40\\\/\",\"name\":\"Lifolizatorius FrostX 40 - FrostX\",\"isPartOf\":{\"@id\":\"https:\\\/\\\/frostx.com\\\/pl\\\/#website\"},\"primaryImageOfPage\":{\"@id\":\"https:\\\/\\\/frostx.com\\\/lt\\\/produktas\\\/lifolizatorius-frostx-40\\\/#primaryimage\"},\"image\":{\"@id\":\"https:\\\/\\\/frostx.com\\\/lt\\\/produktas\\\/lifolizatorius-frostx-40\\\/#primaryimage\"},\"thumbnailUrl\":\"https:\\\/\\\/aftgtspvcl.cfolks.pl\\\/wp-content\\\/uploads\\\/2021\\\/12\\\/DC1_2349-1.jpg\",\"datePublished\":\"2021-12-17T14:37:46+00:00\",\"dateModified\":\"2024-02-07T09:16:27+00:00\",\"breadcrumb\":{\"@id\":\"https:\\\/\\\/frostx.com\\\/lt\\\/produktas\\\/lifolizatorius-frostx-40\\\/#breadcrumb\"},\"inLanguage\":\"lt-LT\",\"potentialAction\":[{\"@type\":\"ReadAction\",\"target\":[\"https:\\\/\\\/frostx.com\\\/lt\\\/produktas\\\/lifolizatorius-frostx-40\\\/\"]}]},{\"@type\":\"ImageObject\",\"inLanguage\":\"lt-LT\",\"@id\":\"https:\\\/\\\/frostx.com\\\/lt\\\/produktas\\\/lifolizatorius-frostx-40\\\/#primaryimage\",\"url\":\"https:\\\/\\\/aftgtspvcl.cfolks.pl\\\/wp-content\\\/uploads\\\/2021\\\/12\\\/DC1_2349-1.jpg\",\"contentUrl\":\"https:\\\/\\\/aftgtspvcl.cfolks.pl\\\/wp-content\\\/uploads\\\/2021\\\/12\\\/DC1_2349-1.jpg\",\"width\":2449,\"height\":2449,\"caption\":\"Lyophilizer Freeze Dryer liofilizator Gefriertrockner LyophilisateurLiofilizzatore\"},{\"@type\":\"BreadcrumbList\",\"@id\":\"https:\\\/\\\/frostx.com\\\/lt\\\/produktas\\\/lifolizatorius-frostx-40\\\/#breadcrumb\",\"itemListElement\":[{\"@type\":\"ListItem\",\"position\":1,\"name\":\"Strona g\u0142\u00f3wna\",\"item\":\"https:\\\/\\\/www.frostx.pl\\\/lt\\\/\"},{\"@type\":\"ListItem\",\"position\":2,\"name\":\"Parduotuv\u0117\",\"item\":\"https:\\\/\\\/www.frostx.com\\\/lt\\\/parduotuve\\\/\"},{\"@type\":\"ListItem\",\"position\":3,\"name\":\"Lifolizatorius FrostX 40\"}]},{\"@type\":\"WebSite\",\"@id\":\"https:\\\/\\\/frostx.com\\\/pl\\\/#website\",\"url\":\"https:\\\/\\\/frostx.com\\\/pl\\\/\",\"name\":\"FrostX\",\"description\":\"\",\"publisher\":{\"@id\":\"https:\\\/\\\/frostx.com\\\/pl\\\/#organization\"},\"potentialAction\":[{\"@type\":\"SearchAction\",\"target\":{\"@type\":\"EntryPoint\",\"urlTemplate\":\"https:\\\/\\\/frostx.com\\\/pl\\\/?s={search_term_string}\"},\"query-input\":{\"@type\":\"PropertyValueSpecification\",\"valueRequired\":true,\"valueName\":\"search_term_string\"}}],\"inLanguage\":\"lt-LT\"},{\"@type\":\"Organization\",\"@id\":\"https:\\\/\\\/frostx.com\\\/pl\\\/#organization\",\"name\":\"FrostX\",\"url\":\"https:\\\/\\\/frostx.com\\\/pl\\\/\",\"logo\":{\"@type\":\"ImageObject\",\"inLanguage\":\"lt-LT\",\"@id\":\"https:\\\/\\\/frostx.com\\\/pl\\\/#\\\/schema\\\/logo\\\/image\\\/\",\"url\":\"https:\\\/\\\/frostx.com\\\/wp-content\\\/uploads\\\/2022\\\/02\\\/logo.349e34c-1-1-3.svg\",\"contentUrl\":\"https:\\\/\\\/frostx.com\\\/wp-content\\\/uploads\\\/2022\\\/02\\\/logo.349e34c-1-1-3.svg\",\"width\":110,\"height\":140,\"caption\":\"FrostX\"},\"image\":{\"@id\":\"https:\\\/\\\/frostx.com\\\/pl\\\/#\\\/schema\\\/logo\\\/image\\\/\"}}]}<\/script>\n<!-- \/ Yoast SEO plugin. -->","yoast_head_json":{"title":"Lifolizatorius FrostX 40  - FrostX","robots":{"index":"index","follow":"follow","max-snippet":"max-snippet:-1","max-image-preview":"max-image-preview:large","max-video-preview":"max-video-preview:-1"},"canonical":"https:\/\/frostx.com\/lt\/produktas\/lifolizatorius-frostx-40\/","og_locale":"lt_LT","og_type":"article","og_title":"Lifolizatorius FrostX 40  - FrostX","og_description":"FrostX 40 yra universalus liofilizatorius su rekomenduojama maksimalia apkrova iki 40 kg. Jis da\u017enai naudojamas auk\u0161tos kokyb\u0117s liofilizat\u0173 gamintoj\u0173, kurie tiekia produktus tiek savo poreikiams, tiek ma\u017emeniniams klientams. Pagrindin\u0117s savyb\u0117s:   Maksimali apkrova iki 40 kg: Optimali talpa leid\u017eia lankstumui prisitaikyti prie \u012fvairi\u0173 gamybos poreiki\u0173.  Elektros maitinimas: Standartinis 400 V.  Proceso automatizavimas: D\u0117ka visi\u0161ko liofilizacijos proceso automatizavimo, darbuotoj\u0173 \u012fsitraukimas buvo \u017eenkliai suma\u017eintas, tuo pa\u010diu didinant operatyvin\u012f veiksmingum\u0105.  Lie\u010diamas ekranas: Intuityvus lie\u010diamas ekranas leid\u017eia lengvai valdyti, steb\u0117ti parametrus ir naudoti greito at\u0161ildymo funkcij\u0105 didesnei efektyvumui.  Vakuumo sistema su aliejinio d\u016bm\u0173 atskyrimu: Auk\u0161tos kokyb\u0117s med\u017eiag\u0173 naudojimas u\u017etikrina didel\u0119 siurbimo grei\u010dio ir ma\u017eo triuk\u0161mo lygio pasiekim\u0105.  Efektyvus \u0161aldymo sistema: Specialiai pritaikyta nuolatiniam naudojimui, u\u017etikrina optimalias \u0161aldymo s\u0105lygas liofilizacijos procese.  Greito at\u0161ildymo funkcija: Speciali funkcija greitam at\u0161ildymui, reik\u0161mingai ma\u017einant laik\u0105, per kur\u012f sistema yra neaktyvi ir skubant gr\u0105\u017einti investicij\u0105.  Sta\u010diakamp\u0117 vakuumo kamera: Stipri ner\u016bdijan\u010dio plieno konstrukcija maksimalizuoja turim\u0105 viet\u0105 liofilizacijos procesui ir u\u017etikrina higieni\u0161k\u0105 aplink\u0105.  Izoliuota produkto kamera: Vidin\u0117 kamera pagaminta i\u0161 ner\u016bdijan\u010dio plieno komponent\u0173, u\u017etikrinanti higieni\u0161kas s\u0105lygas.  Konstrukcija: Stiprus korpusas su matmenimis 156 \u00d7 110 \u00d7 148 cm ant rat\u0173, lengvam \u012frenginio jud\u0117jimui. Fiksuotas atstumas tarp lentyn\u0173 4,5 cm u\u017etikrina vienodas s\u0105lygas visuose lygiuose ir \u012frenginio lygiavard\u017ei\u0105 veikim\u0105.  Papildoma \u012franga: \u012eeina keturiolika produkt\u0173 lentyn\u0173, matmenimis 53 \u00d7 55 cm.  Garantija:   12 m\u0117nesi\u0173 garantija: Suteikia saugum\u0105 ir apsaug\u0105 investicijai.  Mok\u0117jimo s\u0105lygos:   Kaina: Nurodyta kaina yra neto kaina.  Avansas: 50%.  Likutin\u0117 suma: Po prane\u0161imo apie u\u017esakymo pasiruo\u0161im\u0105 (prie\u0161 pristatym\u0105).  FrostX 40 n\u0117ra tik liofilizatorius; tai yra visapusi\u0161kas \u012frankis, teikiantis patikimum\u0105, lankstum\u0105 ir efektyvum\u0105 liofilizat\u0173 produkcijoje. Automatizuoti procesai ir be prie\u017ei\u016bros naudojimas pa\u0161alina poreik\u012f darbuotoj\u0173 dalyvavimui, tod\u0117l tai ekonomin\u0117, efektyvi ir lengvai valdoma sprendimas. Greito at\u0161ildymo funkcija taip pat sutrumpina sustojimo laik\u0105, prisidedant prie greitesnio investicijos atsipirkimo.","og_url":"https:\/\/frostx.com\/lt\/produktas\/lifolizatorius-frostx-40\/","og_site_name":"FrostX","article_modified_time":"2024-02-07T09:16:27+00:00","og_image":[{"width":2449,"height":2449,"url":"https:\/\/aftgtspvcl.cfolks.pl\/wp-content\/uploads\/2021\/12\/DC1_2349-1.jpg","type":"image\/jpeg"}],"twitter_card":"summary_large_image","twitter_misc":{"Est. reading time":"1 minute"},"schema":{"@context":"https:\/\/schema.org","@graph":[{"@type":"WebPage","@id":"https:\/\/aftgtspvcl.cfolks.pl\/lt\/produktas\/lifolizatorius-frostx-40\/","url":"https:\/\/frostx.com\/lt\/produktas\/lifolizatorius-frostx-40\/","name":"Lifolizatorius FrostX 40 - FrostX","isPartOf":{"@id":"https:\/\/frostx.com\/pl\/#website"},"primaryImageOfPage":{"@id":"https:\/\/frostx.com\/lt\/produktas\/lifolizatorius-frostx-40\/#primaryimage"},"image":{"@id":"https:\/\/frostx.com\/lt\/produktas\/lifolizatorius-frostx-40\/#primaryimage"},"thumbnailUrl":"https:\/\/aftgtspvcl.cfolks.pl\/wp-content\/uploads\/2021\/12\/DC1_2349-1.jpg","datePublished":"2021-12-17T14:37:46+00:00","dateModified":"2024-02-07T09:16:27+00:00","breadcrumb":{"@id":"https:\/\/frostx.com\/lt\/produktas\/lifolizatorius-frostx-40\/#breadcrumb"},"inLanguage":"lt-LT","potentialAction":[{"@type":"ReadAction","target":["https:\/\/frostx.com\/lt\/produktas\/lifolizatorius-frostx-40\/"]}]},{"@type":"ImageObject","inLanguage":"lt-LT","@id":"https:\/\/frostx.com\/lt\/produktas\/lifolizatorius-frostx-40\/#primaryimage","url":"https:\/\/aftgtspvcl.cfolks.pl\/wp-content\/uploads\/2021\/12\/DC1_2349-1.jpg","contentUrl":"https:\/\/aftgtspvcl.cfolks.pl\/wp-content\/uploads\/2021\/12\/DC1_2349-1.jpg","width":2449,"height":2449,"caption":"Lyophilizer Freeze Dryer liofilizator Gefriertrockner LyophilisateurLiofilizzatore"},{"@type":"BreadcrumbList","@id":"https:\/\/frostx.com\/lt\/produktas\/lifolizatorius-frostx-40\/#breadcrumb","itemListElement":[{"@type":"ListItem","position":1,"name":"Strona g\u0142\u00f3wna","item":"https:\/\/www.frostx.pl\/lt\/"},{"@type":"ListItem","position":2,"name":"Parduotuv\u0117","item":"https:\/\/www.frostx.com\/lt\/parduotuve\/"},{"@type":"ListItem","position":3,"name":"Lifolizatorius FrostX 40"}]},{"@type":"WebSite","@id":"https:\/\/frostx.com\/pl\/#website","url":"https:\/\/frostx.com\/pl\/","name":"FrostX","description":"","publisher":{"@id":"https:\/\/frostx.com\/pl\/#organization"},"potentialAction":[{"@type":"SearchAction","target":{"@type":"EntryPoint","urlTemplate":"https:\/\/frostx.com\/pl\/?s={search_term_string}"},"query-input":{"@type":"PropertyValueSpecification","valueRequired":true,"valueName":"search_term_string"}}],"inLanguage":"lt-LT"},{"@type":"Organization","@id":"https:\/\/frostx.com\/pl\/#organization","name":"FrostX","url":"https:\/\/frostx.com\/pl\/","logo":{"@type":"ImageObject","inLanguage":"lt-LT","@id":"https:\/\/frostx.com\/pl\/#\/schema\/logo\/image\/","url":"https:\/\/frostx.com\/wp-content\/uploads\/2022\/02\/logo.349e34c-1-1-3.svg","contentUrl":"https:\/\/frostx.com\/wp-content\/uploads\/2022\/02\/logo.349e34c-1-1-3.svg","width":110,"height":140,"caption":"FrostX"},"image":{"@id":"https:\/\/frostx.com\/pl\/#\/schema\/logo\/image\/"}}]}},"_links":{"self":[{"href":"https:\/\/aftgtspvcl.cfolks.pl\/lt\/wp-json\/wp\/v2\/product\/1500","targetHints":{"allow":["GET"]}}],"collection":[{"href":"https:\/\/aftgtspvcl.cfolks.pl\/lt\/wp-json\/wp\/v2\/product"}],"about":[{"href":"https:\/\/aftgtspvcl.cfolks.pl\/lt\/wp-json\/wp\/v2\/types\/product"}],"wp:featuredmedia":[{"embeddable":true,"href":"https:\/\/aftgtspvcl.cfolks.pl\/lt\/wp-json\/wp\/v2\/media\/1368"}],"wp:attachment":[{"href":"https:\/\/aftgtspvcl.cfolks.pl\/lt\/wp-json\/wp\/v2\/media?parent=1500"}],"wp:term":[{"taxonomy":"product_brand","embeddable":true,"href":"https:\/\/aftgtspvcl.cfolks.pl\/lt\/wp-json\/wp\/v2\/product_brand?post=1500"},{"taxonomy":"product_cat","embeddable":true,"href":"https:\/\/aftgtspvcl.cfolks.pl\/lt\/wp-json\/wp\/v2\/product_cat?post=1500"},{"taxonomy":"product_tag","embeddable":true,"href":"https:\/\/aftgtspvcl.cfolks.pl\/lt\/wp-json\/wp\/v2\/product_tag?post=1500"}],"curies":[{"name":"wp","href":"https:\/\/api.w.org\/{rel}","templated":true}]}}